{"id":540,"date":"2023-12-01T08:22:05","date_gmt":"2023-12-01T13:22:05","guid":{"rendered":"https:\/\/new.blindajemedicoquirurgico.com\/?page_id=540"},"modified":"2023-12-01T12:13:15","modified_gmt":"2023-12-01T17:13:15","slug":"cobertura-juridica","status":"publish","type":"page","link":"https:\/\/blindajemedicoquirurgico.com\/index.php\/cobertura-juridica\/","title":{"rendered":"Cobertura jur\u00eddica"},"content":{"rendered":"\t\t<div data-elementor-type=\"wp-page\" data-elementor-id=\"540\" class=\"elementor elementor-540\">\n\t\t\t\t\t\t<div class=\"elementor-inner\">\n\t\t\t\t<div class=\"elementor-section-wrap\">\n\t\t\t\t\t\t\t\t\t<section class=\"elementor-section elementor-top-section elementor-element elementor-element-c304c20 elementor-section-boxed elementor-section-height-default elementor-section-height-default\" data-id=\"c304c20\" data-element_type=\"section\">\n\t\t\t\t\t\t<div class=\"elementor-container elementor-column-gap-default\">\n\t\t\t\t\t\t\t<div class=\"elementor-row\">\n\t\t\t\t\t<div class=\"elementor-column elementor-col-50 elementor-top-column elementor-element elementor-element-d652010\" data-id=\"d652010\" data-element_type=\"column\" data-settings=\"{&quot;background_background&quot;:&quot;classic&quot;}\">\n\t\t\t<div class=\"elementor-column-wrap elementor-element-populated\">\n\t\t\t\t\t\t\t<div class=\"elementor-widget-wrap\">\n\t\t\t\t\t\t<div class=\"elementor-element elementor-element-cff815f elementor-widget elementor-widget-heading\" data-id=\"cff815f\" data-element_type=\"widget\" data-widget_type=\"heading.default\">\n\t\t\t\t<div class=\"elementor-widget-container\">\n\t\t\t<style>\/*! elementor - v3.12.1 - 02-04-2023 *\/\n.elementor-heading-title{padding:0;margin:0;line-height:1}.elementor-widget-heading .elementor-heading-title[class*=elementor-size-]>a{color:inherit;font-size:inherit;line-height:inherit}.elementor-widget-heading .elementor-heading-title.elementor-size-small{font-size:15px}.elementor-widget-heading .elementor-heading-title.elementor-size-medium{font-size:19px}.elementor-widget-heading .elementor-heading-title.elementor-size-large{font-size:29px}.elementor-widget-heading .elementor-heading-title.elementor-size-xl{font-size:39px}.elementor-widget-heading .elementor-heading-title.elementor-size-xxl{font-size:59px}<\/style><h2 class=\"elementor-heading-title elementor-size-default\">\u00bfC\u00d3MO ACCEDER A LA GARANT\u00cdA JUR\u00cdDICA?<\/h2>\t\t<\/div>\n\t\t\t\t<\/div>\n\t\t\t\t<div class=\"elementor-element elementor-element-848ec29 elementor-widget elementor-widget-text-editor\" data-id=\"848ec29\" data-element_type=\"widget\" data-widget_type=\"text-editor.default\">\n\t\t\t\t<div class=\"elementor-widget-container\">\n\t\t\t<style>\/*! elementor - v3.12.1 - 02-04-2023 *\/\n.elementor-widget-text-editor.elementor-drop-cap-view-stacked .elementor-drop-cap{background-color:#69727d;color:#fff}.elementor-widget-text-editor.elementor-drop-cap-view-framed .elementor-drop-cap{color:#69727d;border:3px solid;background-color:transparent}.elementor-widget-text-editor:not(.elementor-drop-cap-view-default) .elementor-drop-cap{margin-top:8px}.elementor-widget-text-editor:not(.elementor-drop-cap-view-default) .elementor-drop-cap-letter{width:1em;height:1em}.elementor-widget-text-editor .elementor-drop-cap{float:left;text-align:center;line-height:1;font-size:50px}.elementor-widget-text-editor .elementor-drop-cap-letter{display:inline-block}<\/style>\t\t\t\t\t<div class=\"elementor-text-editor elementor-clearfix\">\n\t\t\t\tEn primer lugar, como profesional de la medicina debe realizar su afiliaci\u00f3n, que lo har\u00e1 beneficiario de un\u00a0\u201cKit de Prevenci\u00f3n y Blindaje Jur\u00eddico\u201d,\u00a0consistente en las herramientas jur\u00eddicas que permitir\u00e1n una efectiva defensa en una eventual controversia judicial o administrativa con su paciente.\t\t\t\t\t<\/div>\n\t\t\t\t\t\t<\/div>\n\t\t\t\t<\/div>\n\t\t\t\t<div class=\"elementor-element elementor-element-056acf3 elementor-widget elementor-widget-text-editor\" data-id=\"056acf3\" data-element_type=\"widget\" data-widget_type=\"text-editor.default\">\n\t\t\t\t<div class=\"elementor-widget-container\">\n\t\t\t\t\t\t\t\t<div class=\"elementor-text-editor elementor-clearfix\">\n\t\t\t\tEl mencionado kit se encuentra compuesto de la confecci\u00f3n de un modelo de contrato de prestaci\u00f3n de servicios m\u00e9dicos a su medida y la elaboraci\u00f3n de los diferentes consentimientos informados respectivos propios de los procedimientos quir\u00fargicos y tratamientos est\u00e9ticos realizados por usted. Lo anterior,  acompa\u00f1ado de una capacitaci\u00f3n que le permitir\u00e1 el diligenciamiento correcto de las citadas herramientas en cada caso en particular.\t\t\t\t\t<\/div>\n\t\t\t\t\t\t<\/div>\n\t\t\t\t<\/div>\n\t\t\t\t\t\t<\/div>\n\t\t\t\t\t<\/div>\n\t\t<\/div>\n\t\t\t\t<div class=\"elementor-column elementor-col-50 elementor-top-column elementor-element elementor-element-7bb3a8d\" data-id=\"7bb3a8d\" data-element_type=\"column\">\n\t\t\t<div class=\"elementor-column-wrap elementor-element-populated\">\n\t\t\t\t\t\t\t<div class=\"elementor-widget-wrap\">\n\t\t\t\t\t\t<div class=\"elementor-element elementor-element-a966fb9 elementor-widget__width-auto elementor-widget elementor-widget-image\" data-id=\"a966fb9\" data-element_type=\"widget\" data-widget_type=\"image.default\">\n\t\t\t\t<div class=\"elementor-widget-container\">\n\t\t\t<style>\/*! elementor - v3.12.1 - 02-04-2023 *\/\n.elementor-widget-image{text-align:center}.elementor-widget-image a{display:inline-block}.elementor-widget-image a img[src$=\".svg\"]{width:48px}.elementor-widget-image img{vertical-align:middle;display:inline-block}<\/style>\t\t\t\t\t<div class=\"elementor-image\">\n\t\t\t\t\t\t\t\t\t\t\t\t<img loading=\"lazy\" decoding=\"async\" width=\"388\" height=\"333\" src=\"https:\/\/blindajemedicoquirurgico.com\/wp-content\/uploads\/2023\/12\/como-acceder.png\" class=\"attachment-large size-large wp-image-543\" alt=\"\" \/>\t\t\t\t\t\t\t\t\t\t\t\t\t\t<\/div>\n\t\t\t\t\t\t<\/div>\n\t\t\t\t<\/div>\n\t\t\t\t\t\t<\/div>\n\t\t\t\t\t<\/div>\n\t\t<\/div>\n\t\t\t\t\t\t\t\t<\/div>\n\t\t\t\t\t<\/div>\n\t\t<\/section>\n\t\t\t\t<section class=\"elementor-section elementor-top-section elementor-element elementor-element-754f45a elementor-section-boxed elementor-section-height-default elementor-section-height-default\" data-id=\"754f45a\" data-element_type=\"section\">\n\t\t\t\t\t\t<div class=\"elementor-container elementor-column-gap-default\">\n\t\t\t\t\t\t\t<div class=\"elementor-row\">\n\t\t\t\t\t<div class=\"elementor-column elementor-col-50 elementor-top-column elementor-element elementor-element-e695928\" data-id=\"e695928\" data-element_type=\"column\">\n\t\t\t<div class=\"elementor-column-wrap elementor-element-populated\">\n\t\t\t\t\t\t\t<div class=\"elementor-widget-wrap\">\n\t\t\t\t\t\t<div class=\"elementor-element elementor-element-92c4c12 elementor-widget elementor-widget-image\" data-id=\"92c4c12\" data-element_type=\"widget\" data-widget_type=\"image.default\">\n\t\t\t\t<div class=\"elementor-widget-container\">\n\t\t\t\t\t\t\t\t<div class=\"elementor-image\">\n\t\t\t\t\t\t\t\t\t\t\t\t<img loading=\"lazy\" decoding=\"async\" width=\"388\" height=\"333\" src=\"https:\/\/blindajemedicoquirurgico.com\/wp-content\/uploads\/2023\/12\/como-funciona.png\" class=\"attachment-large size-large wp-image-545\" alt=\"\" \/>\t\t\t\t\t\t\t\t\t\t\t\t\t\t<\/div>\n\t\t\t\t\t\t<\/div>\n\t\t\t\t<\/div>\n\t\t\t\t\t\t<\/div>\n\t\t\t\t\t<\/div>\n\t\t<\/div>\n\t\t\t\t<div class=\"elementor-column elementor-col-50 elementor-top-column elementor-element elementor-element-eaa7c7f\" data-id=\"eaa7c7f\" data-element_type=\"column\" data-settings=\"{&quot;background_background&quot;:&quot;classic&quot;}\">\n\t\t\t<div class=\"elementor-column-wrap elementor-element-populated\">\n\t\t\t\t\t\t\t<div class=\"elementor-widget-wrap\">\n\t\t\t\t\t\t<div class=\"elementor-element elementor-element-e08ca4f elementor-widget elementor-widget-heading\" data-id=\"e08ca4f\" data-element_type=\"widget\" data-widget_type=\"heading.default\">\n\t\t\t\t<div class=\"elementor-widget-container\">\n\t\t\t<h2 class=\"elementor-heading-title elementor-size-default\">UNA VEZ AFILIADO \u00bfC\u00d3MO FUNCIONA LA GARANT\u00cdA?\n<\/h2>\t\t<\/div>\n\t\t\t\t<\/div>\n\t\t\t\t<div class=\"elementor-element elementor-element-06691c1 elementor-widget elementor-widget-text-editor\" data-id=\"06691c1\" data-element_type=\"widget\" data-widget_type=\"text-editor.default\">\n\t\t\t\t<div class=\"elementor-widget-container\">\n\t\t\t\t\t\t\t\t<div class=\"elementor-text-editor elementor-clearfix\">\n\t\t\t\tUna vez reconocido como afiliado de Garant\u00eda Jur\u00eddica, deber\u00e1 adquirir la cobertura de forma individual, para cada uno de sus pacientes, m\u00ednimo una hora antes de la realizaci\u00f3n del procedimiento quir\u00fargico o tratamiento est\u00e9tico. La cobertura adquirida por usted, permitir\u00e1, tener derecho a los siguientes beneficios con respecto a lo que involucre la atenci\u00f3n y prestaci\u00f3n del servicio con la paciente bajo cobertura jur\u00eddica\t\t\t\t\t<\/div>\n\t\t\t\t\t\t<\/div>\n\t\t\t\t<\/div>\n\t\t\t\t<div class=\"elementor-element elementor-element-7f95262 elementor-widget elementor-widget-text-editor\" data-id=\"7f95262\" data-element_type=\"widget\" data-widget_type=\"text-editor.default\">\n\t\t\t\t<div class=\"elementor-widget-container\">\n\t\t\t\t\t\t\t\t<div class=\"elementor-text-editor elementor-clearfix\">\n\t\t\t\t\u2013 Asesor\u00eda y Acompa\u00f1amiento Jur\u00eddico en la Etapa Precontractual con su paciente.\n<br>\n\u2013 Representaci\u00f3n Judicial en proceso de responsabilidad civil m\u00e9dica.\n<br>\n\u2013 Representaci\u00f3n Judicial en proceso\n<br>\n\u2013 Representaci\u00f3n Judicial en proceso de responsabilidad disciplinaria m\u00e9dica ante el Tribunal de \u00c9tica M\u00e9dica.\n<br>\n\u2013 Acompa\u00f1amiento y Asesor\u00eda permanente en proceso posoperatorio y restablecimiento de relaci\u00f3n m\u00e9dico-paciente.\n<br>\n\u2013 Acompa\u00f1amiento y Capacitaci\u00f3n en diligenciamiento de Historia Cl\u00ednica.\t\t\t\t\t<\/div>\n\t\t\t\t\t\t<\/div>\n\t\t\t\t<\/div>\n\t\t\t\t\t\t<\/div>\n\t\t\t\t\t<\/div>\n\t\t<\/div>\n\t\t\t\t\t\t\t\t<\/div>\n\t\t\t\t\t<\/div>\n\t\t<\/section>\n\t\t\t\t<section class=\"elementor-section elementor-top-section elementor-element elementor-element-e343f4d elementor-section-boxed elementor-section-height-default elementor-section-height-default\" data-id=\"e343f4d\" data-element_type=\"section\">\n\t\t\t\t\t\t<div class=\"elementor-container elementor-column-gap-default\">\n\t\t\t\t\t\t\t<div class=\"elementor-row\">\n\t\t\t\t\t<div class=\"elementor-column elementor-col-50 elementor-top-column elementor-element elementor-element-61e9173\" data-id=\"61e9173\" data-element_type=\"column\" data-settings=\"{&quot;background_background&quot;:&quot;classic&quot;}\">\n\t\t\t<div class=\"elementor-column-wrap elementor-element-populated\">\n\t\t\t\t\t\t\t<div class=\"elementor-widget-wrap\">\n\t\t\t\t\t\t<div class=\"elementor-element elementor-element-ba30847 elementor-widget elementor-widget-heading\" data-id=\"ba30847\" data-element_type=\"widget\" data-widget_type=\"heading.default\">\n\t\t\t\t<div class=\"elementor-widget-container\">\n\t\t\t<h2 class=\"elementor-heading-title elementor-size-default\">\u00bfCU\u00c1NTO TIEMPO DURA LA COBERTURA?<\/h2>\t\t<\/div>\n\t\t\t\t<\/div>\n\t\t\t\t<div class=\"elementor-element elementor-element-25ebdbf elementor-widget elementor-widget-text-editor\" data-id=\"25ebdbf\" data-element_type=\"widget\" data-widget_type=\"text-editor.default\">\n\t\t\t\t<div class=\"elementor-widget-container\">\n\t\t\t\t\t\t\t\t<div class=\"elementor-text-editor elementor-clearfix\">\n\t\t\t\tPor todo el tiempo de caducidad y\/o prescripci\u00f3n de las acciones judiciales que dan a lugar a ejercerse por parte de la paciente. Es decir, estar\u00e1 protegido hasta el tiempo l\u00edmite que la ley le otorgue a la paciente, para proceder a instaurar las acciones judiciales.\t\t\t\t\t<\/div>\n\t\t\t\t\t\t<\/div>\n\t\t\t\t<\/div>\n\t\t\t\t\t\t<\/div>\n\t\t\t\t\t<\/div>\n\t\t<\/div>\n\t\t\t\t<div class=\"elementor-column elementor-col-50 elementor-top-column elementor-element elementor-element-c25ce62\" data-id=\"c25ce62\" data-element_type=\"column\">\n\t\t\t<div class=\"elementor-column-wrap elementor-element-populated\">\n\t\t\t\t\t\t\t<div class=\"elementor-widget-wrap\">\n\t\t\t\t\t\t<div class=\"elementor-element elementor-element-9301634 elementor-widget__width-auto elementor-widget elementor-widget-image\" data-id=\"9301634\" data-element_type=\"widget\" data-widget_type=\"image.default\">\n\t\t\t\t<div class=\"elementor-widget-container\">\n\t\t\t\t\t\t\t\t<div class=\"elementor-image\">\n\t\t\t\t\t\t\t\t\t\t\t\t<img loading=\"lazy\" decoding=\"async\" width=\"388\" height=\"333\" src=\"https:\/\/blindajemedicoquirurgico.com\/wp-content\/uploads\/2023\/12\/cuanto-dura.png\" class=\"attachment-large size-large wp-image-546\" alt=\"\" \/>\t\t\t\t\t\t\t\t\t\t\t\t\t\t<\/div>\n\t\t\t\t\t\t<\/div>\n\t\t\t\t<\/div>\n\t\t\t\t\t\t<\/div>\n\t\t\t\t\t<\/div>\n\t\t<\/div>\n\t\t\t\t\t\t\t\t<\/div>\n\t\t\t\t\t<\/div>\n\t\t<\/section>\n\t\t\t\t<section class=\"elementor-section elementor-top-section elementor-element elementor-element-7709547 elementor-section-boxed elementor-section-height-default elementor-section-height-default\" data-id=\"7709547\" data-element_type=\"section\">\n\t\t\t\t\t\t<div class=\"elementor-container elementor-column-gap-default\">\n\t\t\t\t\t\t\t<div class=\"elementor-row\">\n\t\t\t\t\t<div class=\"elementor-column elementor-col-50 elementor-top-column elementor-element elementor-element-9a9459c\" data-id=\"9a9459c\" data-element_type=\"column\">\n\t\t\t<div class=\"elementor-column-wrap elementor-element-populated\">\n\t\t\t\t\t\t\t<div class=\"elementor-widget-wrap\">\n\t\t\t\t\t\t<div class=\"elementor-element elementor-element-6a8cc82 elementor-widget__width-auto elementor-widget elementor-widget-image\" data-id=\"6a8cc82\" data-element_type=\"widget\" data-widget_type=\"image.default\">\n\t\t\t\t<div class=\"elementor-widget-container\">\n\t\t\t\t\t\t\t\t<div class=\"elementor-image\">\n\t\t\t\t\t\t\t\t\t\t\t\t<img loading=\"lazy\" decoding=\"async\" width=\"388\" height=\"333\" src=\"https:\/\/blindajemedicoquirurgico.com\/wp-content\/uploads\/2023\/12\/beneficios.png\" class=\"attachment-large size-large wp-image-547\" alt=\"\" \/>\t\t\t\t\t\t\t\t\t\t\t\t\t\t<\/div>\n\t\t\t\t\t\t<\/div>\n\t\t\t\t<\/div>\n\t\t\t\t\t\t<\/div>\n\t\t\t\t\t<\/div>\n\t\t<\/div>\n\t\t\t\t<div class=\"elementor-column elementor-col-50 elementor-top-column elementor-element elementor-element-6ef4578\" data-id=\"6ef4578\" data-element_type=\"column\" data-settings=\"{&quot;background_background&quot;:&quot;classic&quot;}\">\n\t\t\t<div class=\"elementor-column-wrap elementor-element-populated\">\n\t\t\t\t\t\t\t<div class=\"elementor-widget-wrap\">\n\t\t\t\t\t\t<div class=\"elementor-element elementor-element-41ff44b elementor-widget elementor-widget-heading\" data-id=\"41ff44b\" data-element_type=\"widget\" data-widget_type=\"heading.default\">\n\t\t\t\t<div class=\"elementor-widget-container\">\n\t\t\t<h2 class=\"elementor-heading-title elementor-size-default\">\u00bfQU\u00c9 BENEFICIOS OSTENTA EL PROFESIONAL QUE ADQUIERA LA GARANT\u00cdA?<\/h2>\t\t<\/div>\n\t\t\t\t<\/div>\n\t\t\t\t<div class=\"elementor-element elementor-element-981ea96 elementor-widget elementor-widget-text-editor\" data-id=\"981ea96\" data-element_type=\"widget\" data-widget_type=\"text-editor.default\">\n\t\t\t\t<div class=\"elementor-widget-container\">\n\t\t\t\t\t\t\t\t<div class=\"elementor-text-editor elementor-clearfix\">\n\t\t\t\tEl profesional m\u00e9dico encontrar\u00e1 una asesor\u00eda y acompa\u00f1amiento permanente en su relaci\u00f3n m\u00e9dico-paciente, que le permitir\u00e1 actuar bajo los lineamientos de la lex artis y bajo el marco de sus deberes \u00e9ticos que lo blindaran jur\u00eddicamente de una eventual controversia judicial y administrativa con su paciente, y que en caso de que ello ocurra, en un escenario judicial y administrativo, encontrar\u00e1 un respaldo en un grupo de profesionales del derecho especializados, que hallar\u00e1n un mecanismo de defensa no solo a partir de unos presupuestos entregados a usted, sino tambi\u00e9n de la experiencia, idoneidad y capacidad para enfrentar este tipo de litigios, cuyo valor usted no tendr\u00e1 que asumir, por adquirir la cobertura mencionada\t\t\t\t\t<\/div>\n\t\t\t\t\t\t<\/div>\n\t\t\t\t<\/div>\n\t\t\t\t<div class=\"elementor-element elementor-element-781172a elementor-widget elementor-widget-text-editor\" data-id=\"781172a\" data-element_type=\"widget\" data-widget_type=\"text-editor.default\">\n\t\t\t\t<div class=\"elementor-widget-container\">\n\t\t\t\t\t\t\t\t<div class=\"elementor-text-editor elementor-clearfix\">\n\t\t\t\tEn realidad, ning\u00fan profesional de la medicina, se encuentra exento del rompimiento y deterioro de su relaci\u00f3n m\u00e9dico-paciente, adem\u00e1s de que la ley, otorga un espacio de tiempo bastante generoso para que un paciente pueda instaurar sus respectivas acciones judiciales, por ejemplo, una demanda por responsabilidad civil extracontractual cuenta con un periodo de diez (10 a\u00f1os), raz\u00f3n por lo cual, el programa de Garant\u00eda Jur\u00eddica, le da la tranquilidad al profesional de estar cubierto y protegido por un personal especializado que le permitir\u00e1 contar con la confianza de que sus actuaciones se encuentran amparadas, y no estar\u00e1 supeditado al pago de costoso honorarios por la representaci\u00f3n judicial en un caso determinado.\t\t\t\t\t<\/div>\n\t\t\t\t\t\t<\/div>\n\t\t\t\t<\/div>\n\t\t\t\t<div class=\"elementor-element elementor-element-0c20276 elementor-widget elementor-widget-text-editor\" data-id=\"0c20276\" data-element_type=\"widget\" data-widget_type=\"text-editor.default\">\n\t\t\t\t<div class=\"elementor-widget-container\">\n\t\t\t\t\t\t\t\t<div class=\"elementor-text-editor elementor-clearfix\">\n\t\t\t\t\u2013 Asesor\u00eda y Acompa\u00f1amiento Jur\u00eddico en la Etapa Precontractual con su paciente.\n<br>\n\u2013 Representaci\u00f3n Judicial en proceso de responsabilidad civil m\u00e9dica.\n<br>\n\u2013 Representaci\u00f3n Judicial en proceso\n<br>\n\u2013 Representaci\u00f3n Judicial en proceso de responsabilidad disciplinaria m\u00e9dica ante el Tribunal de \u00c9tica M\u00e9dica.\n<br>\n\u2013 Acompa\u00f1amiento y Asesor\u00eda permanente en proceso posoperatorio y restablecimiento de relaci\u00f3n m\u00e9dico-paciente.\n<br>\n\u2013 Acompa\u00f1amiento y Capacitaci\u00f3n en diligenciamiento de Historia Cl\u00ednica.\t\t\t\t\t<\/div>\n\t\t\t\t\t\t<\/div>\n\t\t\t\t<\/div>\n\t\t\t\t\t\t<\/div>\n\t\t\t\t\t<\/div>\n\t\t<\/div>\n\t\t\t\t\t\t\t\t<\/div>\n\t\t\t\t\t<\/div>\n\t\t<\/section>\n\t\t\t\t<section class=\"elementor-section elementor-top-section elementor-element elementor-element-39a2bb5 elementor-section-boxed elementor-section-height-default elementor-section-height-default\" data-id=\"39a2bb5\" data-element_type=\"section\">\n\t\t\t\t\t\t<div class=\"elementor-container elementor-column-gap-default\">\n\t\t\t\t\t\t\t<div class=\"elementor-row\">\n\t\t\t\t\t<div class=\"elementor-column elementor-col-50 elementor-top-column elementor-element elementor-element-0602158\" data-id=\"0602158\" data-element_type=\"column\" data-settings=\"{&quot;background_background&quot;:&quot;classic&quot;}\">\n\t\t\t<div class=\"elementor-column-wrap elementor-element-populated\">\n\t\t\t\t\t\t\t<div class=\"elementor-widget-wrap\">\n\t\t\t\t\t\t<div class=\"elementor-element elementor-element-f8f1058 elementor-widget elementor-widget-heading\" data-id=\"f8f1058\" data-element_type=\"widget\" data-widget_type=\"heading.default\">\n\t\t\t\t<div class=\"elementor-widget-container\">\n\t\t\t<h2 class=\"elementor-heading-title elementor-size-default\">\u00bfQU\u00c9 TIPO DE PROCEDIMIENTOS E INTERVENCIONES CUBRE LA GARANT\u00cdA?\n<\/h2>\t\t<\/div>\n\t\t\t\t<\/div>\n\t\t\t\t<div class=\"elementor-element elementor-element-802848f elementor-widget elementor-widget-text-editor\" data-id=\"802848f\" data-element_type=\"widget\" data-widget_type=\"text-editor.default\">\n\t\t\t\t<div class=\"elementor-widget-container\">\n\t\t\t\t\t\t\t\t<div class=\"elementor-text-editor elementor-clearfix\">\n\t\t\t\tCubre de manera integral todos los procedimientos quir\u00fargicos realizados por el cirujano pl\u00e1stico y m\u00e9dico cirujano (en dupla o exclusivamente por cirujano pl\u00e1stico) y no quir\u00fargicos (tratamientos est\u00e9ticos), realizados por el cirujano pl\u00e1stico o m\u00e9dico cirujano y\/o est\u00e9tico.\t\t\t\t\t<\/div>\n\t\t\t\t\t\t<\/div>\n\t\t\t\t<\/div>\n\t\t\t\t<div class=\"elementor-element elementor-element-ac81797 elementor-widget elementor-widget-text-editor\" data-id=\"ac81797\" data-element_type=\"widget\" data-widget_type=\"text-editor.default\">\n\t\t\t\t<div class=\"elementor-widget-container\">\n\t\t\t\t\t\t\t\t<div class=\"elementor-text-editor elementor-clearfix\">\n\t\t\t\tIgualmente, se cubre cualquier tipo de tratamientos posquir\u00fargicos (masajes, drenajes, utilizaci\u00f3n de equipos de l\u00e1ser, ultrasonido, carboxis o en general) y servicios de medicina est\u00e9tica.\t\t\t\t\t<\/div>\n\t\t\t\t\t\t<\/div>\n\t\t\t\t<\/div>\n\t\t\t\t<div class=\"elementor-element elementor-element-6869d09 elementor-widget elementor-widget-text-editor\" data-id=\"6869d09\" data-element_type=\"widget\" data-widget_type=\"text-editor.default\">\n\t\t\t\t<div class=\"elementor-widget-container\">\n\t\t\t\t\t\t\t\t<div class=\"elementor-text-editor elementor-clearfix\">\n\t\t\t\tSin embargo, cualquier tratamiento o intervenci\u00f3n a realizar podr\u00e1 ser consultada previamente al equipo\u00a0 de Garant\u00eda Jur\u00eddica que con una atenci\u00f3n personalizada podr\u00e1 proteger de forma particular cada intervenci\u00f3n y\/o tratamiento a realizar por usted.\u00a0\n\n\n\n\n\n\n\n\n\t\t\t\t\t<\/div>\n\t\t\t\t\t\t<\/div>\n\t\t\t\t<\/div>\n\t\t\t\t\t\t<\/div>\n\t\t\t\t\t<\/div>\n\t\t<\/div>\n\t\t\t\t<div class=\"elementor-column elementor-col-50 elementor-top-column elementor-element elementor-element-26b8d34\" data-id=\"26b8d34\" data-element_type=\"column\">\n\t\t\t<div class=\"elementor-column-wrap elementor-element-populated\">\n\t\t\t\t\t\t\t<div class=\"elementor-widget-wrap\">\n\t\t\t\t\t\t<div class=\"elementor-element elementor-element-ea8bf19 elementor-widget__width-auto elementor-widget elementor-widget-image\" data-id=\"ea8bf19\" data-element_type=\"widget\" data-widget_type=\"image.default\">\n\t\t\t\t<div class=\"elementor-widget-container\">\n\t\t\t\t\t\t\t\t<div class=\"elementor-image\">\n\t\t\t\t\t\t\t\t\t\t\t\t<img loading=\"lazy\" decoding=\"async\" width=\"388\" height=\"333\" src=\"https:\/\/blindajemedicoquirurgico.com\/wp-content\/uploads\/2023\/12\/que-cubre.png\" class=\"attachment-large size-large wp-image-548\" alt=\"\" \/>\t\t\t\t\t\t\t\t\t\t\t\t\t\t<\/div>\n\t\t\t\t\t\t<\/div>\n\t\t\t\t<\/div>\n\t\t\t\t\t\t<\/div>\n\t\t\t\t\t<\/div>\n\t\t<\/div>\n\t\t\t\t\t\t\t\t<\/div>\n\t\t\t\t\t<\/div>\n\t\t<\/section>\n\t\t\t\t\t\t\t\t\t<\/div>\n\t\t\t<\/div>\n\t\t\t\t\t<\/div>\n\t\t","protected":false},"excerpt":{"rendered":"<p>\u00bfC\u00d3MO ACCEDER A LA GARANT\u00cdA JUR\u00cdDICA? En primer lugar, como profesional de la medicina debe realizar su afiliaci\u00f3n, que lo har\u00e1 beneficiario de un\u00a0\u201cKit de Prevenci\u00f3n y Blindaje Jur\u00eddico\u201d,\u00a0consistente en [&hellip;]<\/p>\n","protected":false},"author":1,"featured_media":0,"parent":0,"menu_order":0,"comment_status":"closed","ping_status":"closed","template":"","meta":{"footnotes":""},"class_list":["post-540","page","type-page","status-publish","hentry"],"aioseo_notices":[],"_links":{"self":[{"href":"https:\/\/blindajemedicoquirurgico.com\/index.php\/wp-json\/wp\/v2\/pages\/540"}],"collection":[{"href":"https:\/\/blindajemedicoquirurgico.com\/index.php\/wp-json\/wp\/v2\/pages"}],"about":[{"href":"https:\/\/blindajemedicoquirurgico.com\/index.php\/wp-json\/wp\/v2\/types\/page"}],"author":[{"embeddable":true,"href":"https:\/\/blindajemedicoquirurgico.com\/index.php\/wp-json\/wp\/v2\/users\/1"}],"replies":[{"embeddable":true,"href":"https:\/\/blindajemedicoquirurgico.com\/index.php\/wp-json\/wp\/v2\/comments?post=540"}],"version-history":[{"count":10,"href":"https:\/\/blindajemedicoquirurgico.com\/index.php\/wp-json\/wp\/v2\/pages\/540\/revisions"}],"predecessor-version":[{"id":560,"href":"https:\/\/blindajemedicoquirurgico.com\/index.php\/wp-json\/wp\/v2\/pages\/540\/revisions\/560"}],"wp:attachment":[{"href":"https:\/\/blindajemedicoquirurgico.com\/index.php\/wp-json\/wp\/v2\/media?parent=540"}],"curies":[{"name":"wp","href":"https:\/\/api.w.org\/{rel}","templated":true}]}}